{"id":2,"date":"2020-10-06T11:30:56","date_gmt":"2020-10-06T11:30:56","guid":{"rendered":"https:\/\/lapoulebeninoise.com\/?page_id=2"},"modified":"2020-10-07T08:04:43","modified_gmt":"2020-10-07T08:04:43","slug":"sample-page","status":"publish","type":"page","link":"https:\/\/lapoulebeninoise.com\/index.php\/sample-page\/","title":{"rendered":"O\u00f9 somme nous ?"},"content":{"rendered":"\n<p>Nous sommes situ\u00e9s, \u00e0 Tokourou plus pr\u00e9cis\u00e9ment dans la commune de Tchaorou.  A cinq kilom\u00e8tres de la mairie et du march\u00e9. .<\/p>\n\n\n\n<p><\/p>\n\n\n\n<p><\/p>\n\n\n\n<figure class=\"wp-block-image size-large is-resized\"><img loading=\"lazy\" src=\"https:\/\/lapoulebeninoise.com\/wp-content\/uploads\/2020\/10\/Capture_Benin.jpg\" alt=\"\" class=\"wp-image-461\" width=\"400\" height=\"354\" srcset=\"https:\/\/lapoulebeninoise.com\/wp-content\/uploads\/2020\/10\/Capture_Benin.jpg 612w, https:\/\/lapoulebeninoise.com\/wp-content\/uploads\/2020\/10\/Capture_Benin-300x266.jpg 300w\" sizes=\"(max-width: 400px) 100vw, 400px\" \/><\/figure>\n\n\n\n<p><\/p>\n","protected":false},"excerpt":{"rendered":"<p>Nous sommes situ\u00e9s, \u00e0 Tokourou plus pr\u00e9cis\u00e9ment dans la commune de Tchaorou. A cinq kilom\u00e8tres de la mairie et du march\u00e9. .<\/p>\n","protected":false},"author":1,"featured_media":0,"parent":0,"menu_order":0,"comment_status":"closed","ping_status":"open","template":"","meta":[],"_links":{"self":[{"href":"https:\/\/lapoulebeninoise.com\/index.php\/wp-json\/wp\/v2\/pages\/2"}],"collection":[{"href":"https:\/\/lapoulebeninoise.com\/index.php\/wp-json\/wp\/v2\/pages"}],"about":[{"href":"https:\/\/lapoulebeninoise.com\/index.php\/wp-json\/wp\/v2\/types\/page"}],"author":[{"embeddable":true,"href":"https:\/\/lapoulebeninoise.com\/index.php\/wp-json\/wp\/v2\/users\/1"}],"replies":[{"embeddable":true,"href":"https:\/\/lapoulebeninoise.com\/index.php\/wp-json\/wp\/v2\/comments?post=2"}],"version-history":[{"count":5,"href":"https:\/\/lapoulebeninoise.com\/index.php\/wp-json\/wp\/v2\/pages\/2\/revisions"}],"predecessor-version":[{"id":480,"href":"https:\/\/lapoulebeninoise.com\/index.php\/wp-json\/wp\/v2\/pages\/2\/revisions\/480"}],"wp:attachment":[{"href":"https:\/\/lapoulebeninoise.com\/index.php\/wp-json\/wp\/v2\/media?parent=2"}],"curies":[{"name":"wp","href":"https:\/\/api.w.org\/{rel}","templated":true}]}}