{"id":214,"date":"2020-10-06T21:17:06","date_gmt":"2020-10-06T21:17:06","guid":{"rendered":"https:\/\/lapoulebeninoise.com\/?page_id=214"},"modified":"2020-10-07T12:59:26","modified_gmt":"2020-10-07T12:59:26","slug":"le-fondateur","status":"publish","type":"page","link":"https:\/\/lapoulebeninoise.com\/index.php\/le-fondateur\/","title":{"rendered":"But du projet"},"content":{"rendered":"\n<p>Parmi les grandes orientations du programme d\u2019action du gouvernement de la r\u00e9publique du Benin figure la promotion de l\u2019entrepreneuriat en tant que proc\u00e9d\u00e9 de lutte contre le ch\u00f4mage et le sous-emploi des jeunes et des femmes. Ainsi, le programme du CENTRE DE FORMATION AGROPASTORALE ET DE SANTE ANIMALE TROPICALE (CFAPSAT-ONG) est celui qui r\u00e9pond le mieux aux objectifs globaux de r\u00e9duction de la pauvret\u00e9. D\u00e9veloppant l\u2019esprit d\u2019entreprise au sein de la population constitu\u00e9e en majorit\u00e9 de femmes et de jeunes, il contribue \u00e0 l\u2019\u00e9mergence de nouveaux entrepreneurs, par le biais d&rsquo;une formation th\u00e9orique et pratique \u00e0 la suite de laquelle le r\u00e9cipiendaire est capable de s\u2019auto employer. Le montage d&rsquo;une entreprise ne peut \u00eatre possible uniquement gr\u00e2ce \u00e0 l\u2019obtention d\u2019un financement accord\u00e9 \u00e0 la suite de l\u2019\u00e9laboration d\u2019un micro projet.<\/p>\n\n\n\n<p>Le but de ce projet est donc de cr\u00e9er des emplois permanents et temporaires pour les jeunes de la commune de Tchaorou, de la piste de Gbegourou Commune de N\u2019dali, et pour les jeunes en fin de formation dans les centres agricoles et des lyc\u00e9es. Ce projet peut aussi garantir une dur\u00e9e ind\u00e9termin\u00e9e d\u2019existence de {L\u2019ONG &#8211; A2DL} association pour le d\u00e9veloppement Durable et Local, dont les membres s\u2019appelle UNAMAB, Union Nationale des Amis du Monde Agricole du B\u00e9nin. Cette association a pour mission de promouvoir le d\u00e9veloppement local et encourager le d\u00e9veloppement.              <\/p>\n\n\n\n<figure class=\"wp-block-image size-large\"><img loading=\"lazy\" width=\"640\" height=\"480\" src=\"https:\/\/lapoulebeninoise.com\/wp-content\/uploads\/2020\/10\/Projet-Benin-17.29.12-2.jpeg\" alt=\"\" class=\"wp-image-357\" srcset=\"https:\/\/lapoulebeninoise.com\/wp-content\/uploads\/2020\/10\/Projet-Benin-17.29.12-2.jpeg 640w, https:\/\/lapoulebeninoise.com\/wp-content\/uploads\/2020\/10\/Projet-Benin-17.29.12-2-300x225.jpeg 300w\" sizes=\"(max-width: 640px) 100vw, 640px\" \/><\/figure>\n\n\n\n<p>Notre activit\u00e9 consiste \u00e0 \u00e9lever des poules pondeuses afin de produire des \u0153ufs de table de tr\u00e8s bonne qualit\u00e9 pour \u00e9viter des\u00a0\u00a0probl\u00e8mes sanitaires aux populations. La production d&rsquo;\u0153ufs sera coupl\u00e9e \u00e0 celle de viande de volailles et de l\u00e9gumes maraichers. Une r\u00e9elle opportunit\u00e9 qui permettra de faire face aux \u0153ufs de mauvaises qualit\u00e9s d\u00e9vers\u00e9s sur le march\u00e9 B\u00e9ninois.<\/p>\n\n\n\n<figure class=\"wp-block-image size-large is-resized\"><img loading=\"lazy\" src=\"https:\/\/lapoulebeninoise.com\/wp-content\/uploads\/2020\/10\/Projet-Benin-16.09.25-1-767x1024.jpeg\" alt=\"\" class=\"wp-image-302\" width=\"427\" height=\"569\" srcset=\"https:\/\/lapoulebeninoise.com\/wp-content\/uploads\/2020\/10\/Projet-Benin-16.09.25-1-767x1024.jpeg 767w, https:\/\/lapoulebeninoise.com\/wp-content\/uploads\/2020\/10\/Projet-Benin-16.09.25-1-225x300.jpeg 225w, https:\/\/lapoulebeninoise.com\/wp-content\/uploads\/2020\/10\/Projet-Benin-16.09.25-1-768x1025.jpeg 768w, https:\/\/lapoulebeninoise.com\/wp-content\/uploads\/2020\/10\/Projet-Benin-16.09.25-1.jpeg 809w\" sizes=\"(max-width: 427px) 100vw, 427px\" \/><\/figure>\n\n\n\n<p>Enfin, apr\u00e8s soixante-et-un (61) semaines d\u2019\u00e2ge, les sujets seront reform\u00e9s, vendus pour servir de source de viande (prot\u00e9ine animale aux m\u00e9nages).<\/p>\n\n\n\n<p>Le Besoin moyen en viande pour 2020 est estim\u00e9 \u00e0 251 744 tonnes et le besoin moyen en \u0153uf de table est estim\u00e9 \u00e0 38 361 tonnes selon les statistiques. Cependant, l&rsquo;offre propos\u00e9e sur le march\u00e9 B\u00e9ninois est nettement inf\u00e9rieure aux besoins exprim\u00e9s.<\/p>\n\n\n\n<p>Selon la FAO, le sous-secteur de l\u2019aviculture moderne fournirait pr\u00e8s de 195 millions d\u2019\u0153ufs de table par an, soit environ 27 \u0153ufs par habitant et par an (correspondant \u00e0 50% de la norme recommand\u00e9e par la FAO).<\/p>\n","protected":false},"excerpt":{"rendered":"<p>Parmi les grandes orientations du programme d\u2019action du gouvernement de la r\u00e9publique du Benin figure la promotion de l\u2019entrepreneuriat en tant que proc\u00e9d\u00e9 de lutte contre le ch\u00f4mage et le sous-emploi des jeunes et des femmes. Ainsi, le programme du CENTRE DE FORMATION AGROPASTORALE ET DE SANTE ANIMALE TROPICALE (CFAPSAT-ONG) est celui qui r\u00e9pond le &hellip; <\/p>\n<p class=\"link-more\"><a href=\"https:\/\/lapoulebeninoise.com\/index.php\/le-fondateur\/\" class=\"more-link\">Continuer la lecture<span class=\"screen-reader-text\"> de &laquo;&nbsp;But du projet&nbsp;&raquo;<\/span><\/a><\/p>\n","protected":false},"author":1,"featured_media":0,"parent":0,"menu_order":0,"comment_status":"closed","ping_status":"closed","template":"","meta":[],"_links":{"self":[{"href":"https:\/\/lapoulebeninoise.com\/index.php\/wp-json\/wp\/v2\/pages\/214"}],"collection":[{"href":"https:\/\/lapoulebeninoise.com\/index.php\/wp-json\/wp\/v2\/pages"}],"about":[{"href":"https:\/\/lapoulebeninoise.com\/index.php\/wp-json\/wp\/v2\/types\/page"}],"author":[{"embeddable":true,"href":"https:\/\/lapoulebeninoise.com\/index.php\/wp-json\/wp\/v2\/users\/1"}],"replies":[{"embeddable":true,"href":"https:\/\/lapoulebeninoise.com\/index.php\/wp-json\/wp\/v2\/comments?post=214"}],"version-history":[{"count":15,"href":"https:\/\/lapoulebeninoise.com\/index.php\/wp-json\/wp\/v2\/pages\/214\/revisions"}],"predecessor-version":[{"id":600,"href":"https:\/\/lapoulebeninoise.com\/index.php\/wp-json\/wp\/v2\/pages\/214\/revisions\/600"}],"wp:attachment":[{"href":"https:\/\/lapoulebeninoise.com\/index.php\/wp-json\/wp\/v2\/media?parent=214"}],"curies":[{"name":"wp","href":"https:\/\/api.w.org\/{rel}","templated":true}]}}