{"id":217,"date":"2020-10-06T21:17:07","date_gmt":"2020-10-06T21:17:07","guid":{"rendered":"https:\/\/lapoulebeninoise.com\/?page_id=217"},"modified":"2020-10-07T07:46:44","modified_gmt":"2020-10-07T07:46:44","slug":"nos-poules","status":"publish","type":"page","link":"https:\/\/lapoulebeninoise.com\/index.php\/nos-poules\/","title":{"rendered":"Nos poules"},"content":{"rendered":"\n<p>Nous \u00e9levons des poules pondeuses afin de produire des \u0153ufs de table et de la viande de volailles.<br>Nous pratiquons l\u2019\u00e9levage moderne intensif, qui est pratiqu\u00e9 sur sol avec des sujets de souche Warren-Isa : poule pondeuse \u00e0 \u0153uf roux de forte productivit\u00e9, \u00e0 faible consommation (125g en moyenne, en Afrique), souche rustique et offrant une tr\u00e8s bonne qualit\u00e9 d\u2019\u0153ufs.<\/p>\n\n\n\n<p>Notre ferme \u00e9tant loin du centre de la ville, cela \u00e9vite les bruits qui peuvent \u00e9ventuellement stresser nos poules, ce qui entrainerait des \u0153ufs de moins bonnes qualit\u00e9s et la baisse du taux de ponte par moment.<\/p>\n\n\n\n<p><\/p>\n\n\n\n<p><\/p>\n\n\n\n<figure class=\"wp-block-gallery columns-1 is-cropped\"><ul class=\"blocks-gallery-grid\"><li class=\"blocks-gallery-item\"><figure><img loading=\"lazy\" width=\"820\" height=\"546\" src=\"https:\/\/lapoulebeninoise.com\/wp-content\/uploads\/2020\/10\/Bovans_Brown_FP_freiland_en_scharrel_Kampert_M.width-820.jpg\" alt=\"\" data-id=\"56\" data-full-url=\"https:\/\/lapoulebeninoise.com\/wp-content\/uploads\/2020\/10\/Bovans_Brown_FP_freiland_en_scharrel_Kampert_M.width-820.jpg\" data-link=\"https:\/\/lapoulebeninoise.com\/bovans_brown_fp_freiland_en_scharrel_kampert_m-width-820\/\" class=\"wp-image-56\" srcset=\"https:\/\/lapoulebeninoise.com\/wp-content\/uploads\/2020\/10\/Bovans_Brown_FP_freiland_en_scharrel_Kampert_M.width-820.jpg 820w, https:\/\/lapoulebeninoise.com\/wp-content\/uploads\/2020\/10\/Bovans_Brown_FP_freiland_en_scharrel_Kampert_M.width-820-300x200.jpg 300w, https:\/\/lapoulebeninoise.com\/wp-content\/uploads\/2020\/10\/Bovans_Brown_FP_freiland_en_scharrel_Kampert_M.width-820-768x511.jpg 768w\" sizes=\"(max-width: 767px) 89vw, (max-width: 1000px) 54vw, (max-width: 1071px) 543px, 580px\" \/><\/figure><\/li><\/ul><\/figure>\n","protected":false},"excerpt":{"rendered":"<p>Nous \u00e9levons des poules pondeuses afin de produire des \u0153ufs de table et de la viande de volailles.Nous pratiquons l\u2019\u00e9levage moderne intensif, qui est pratiqu\u00e9 sur sol avec des sujets de souche Warren-Isa : poule pondeuse \u00e0 \u0153uf roux de forte productivit\u00e9, \u00e0 faible consommation (125g en moyenne, en Afrique), souche rustique et offrant une &hellip; <\/p>\n<p class=\"link-more\"><a href=\"https:\/\/lapoulebeninoise.com\/index.php\/nos-poules\/\" class=\"more-link\">Continuer la lecture<span class=\"screen-reader-text\"> de &laquo;&nbsp;Nos poules&nbsp;&raquo;<\/span><\/a><\/p>\n","protected":false},"author":1,"featured_media":0,"parent":0,"menu_order":0,"comment_status":"closed","ping_status":"closed","template":"","meta":[],"_links":{"self":[{"href":"https:\/\/lapoulebeninoise.com\/index.php\/wp-json\/wp\/v2\/pages\/217"}],"collection":[{"href":"https:\/\/lapoulebeninoise.com\/index.php\/wp-json\/wp\/v2\/pages"}],"about":[{"href":"https:\/\/lapoulebeninoise.com\/index.php\/wp-json\/wp\/v2\/types\/page"}],"author":[{"embeddable":true,"href":"https:\/\/lapoulebeninoise.com\/index.php\/wp-json\/wp\/v2\/users\/1"}],"replies":[{"embeddable":true,"href":"https:\/\/lapoulebeninoise.com\/index.php\/wp-json\/wp\/v2\/comments?post=217"}],"version-history":[{"count":6,"href":"https:\/\/lapoulebeninoise.com\/index.php\/wp-json\/wp\/v2\/pages\/217\/revisions"}],"predecessor-version":[{"id":456,"href":"https:\/\/lapoulebeninoise.com\/index.php\/wp-json\/wp\/v2\/pages\/217\/revisions\/456"}],"wp:attachment":[{"href":"https:\/\/lapoulebeninoise.com\/index.php\/wp-json\/wp\/v2\/media?parent=217"}],"curies":[{"name":"wp","href":"https:\/\/api.w.org\/{rel}","templated":true}]}}