{"id":448,"date":"2020-10-07T07:44:54","date_gmt":"2020-10-07T07:44:54","guid":{"rendered":"https:\/\/lapoulebeninoise.com\/?page_id=448"},"modified":"2020-10-07T13:03:38","modified_gmt":"2020-10-07T13:03:38","slug":"nos-oeufs-2","status":"publish","type":"page","link":"https:\/\/lapoulebeninoise.com\/index.php\/nos-oeufs-2\/","title":{"rendered":"Nos oeufs"},"content":{"rendered":"\n<p>Nos \u0153ufs p\u00e8sent chacun 120 grammes de masse, et sont constitu\u00e9s: de mati\u00e8re prot\u00e9ique, d\u2019eau, de vitamines, de sels min\u00e9raux et sans oublier un taux acceptable du bon cholest\u00e9rol. Nous obtenons ce r\u00e9sultat gr\u00e2ce \u00e0 l&rsquo;utilisation de mati\u00e8res premi\u00e8res biologiques pour l\u2019alimentation des sujets, et gr\u00e2ce \u00e0 un suivi rigoureux de la prophylaxie. Tout cela, dans le but de vous offrir des produits frais et sains.<\/p>\n\n\n\n<p>Pour la vente de nos \u0153ufs: ils sont conditionn\u00e9s dans les alv\u00e9oles en carton pour \u00eatre vendus en gros ou demi-gros p\u00e9riodiquement, avec un d\u00e9lai de consommation de 28 jours et une conservation \u00e0 temp\u00e9rature ambiante.<\/p>\n\n\n\n<figure class=\"wp-block-gallery columns-1 is-cropped\"><ul class=\"blocks-gallery-grid\"><li class=\"blocks-gallery-item\"><figure><img loading=\"lazy\" width=\"480\" height=\"319\" src=\"https:\/\/lapoulebeninoise.com\/wp-content\/uploads\/2020\/10\/Projet-Benin13.16.51.jpeg\" alt=\"\" data-id=\"420\" data-full-url=\"https:\/\/lapoulebeninoise.com\/wp-content\/uploads\/2020\/10\/Projet-Benin13.16.51.jpeg\" data-link=\"https:\/\/lapoulebeninoise.com\/index.php\/le-fondateur\/projet-benin13-16-51\/\" class=\"wp-image-420\" srcset=\"https:\/\/lapoulebeninoise.com\/wp-content\/uploads\/2020\/10\/Projet-Benin13.16.51.jpeg 480w, https:\/\/lapoulebeninoise.com\/wp-content\/uploads\/2020\/10\/Projet-Benin13.16.51-300x199.jpeg 300w\" sizes=\"(max-width: 480px) 100vw, 480px\" \/><\/figure><\/li><\/ul><\/figure>\n","protected":false},"excerpt":{"rendered":"<p>Nos \u0153ufs p\u00e8sent chacun 120 grammes de masse, et sont constitu\u00e9s: de mati\u00e8re prot\u00e9ique, d\u2019eau, de vitamines, de sels min\u00e9raux et sans oublier un taux acceptable du bon cholest\u00e9rol. Nous obtenons ce r\u00e9sultat gr\u00e2ce \u00e0 l&rsquo;utilisation de mati\u00e8res premi\u00e8res biologiques pour l\u2019alimentation des sujets, et gr\u00e2ce \u00e0 un suivi rigoureux de la prophylaxie. Tout cela, &hellip; <\/p>\n<p class=\"link-more\"><a href=\"https:\/\/lapoulebeninoise.com\/index.php\/nos-oeufs-2\/\" class=\"more-link\">Continuer la lecture<span class=\"screen-reader-text\"> de &laquo;&nbsp;Nos oeufs&nbsp;&raquo;<\/span><\/a><\/p>\n","protected":false},"author":1,"featured_media":0,"parent":0,"menu_order":0,"comment_status":"closed","ping_status":"closed","template":"","meta":[],"_links":{"self":[{"href":"https:\/\/lapoulebeninoise.com\/index.php\/wp-json\/wp\/v2\/pages\/448"}],"collection":[{"href":"https:\/\/lapoulebeninoise.com\/index.php\/wp-json\/wp\/v2\/pages"}],"about":[{"href":"https:\/\/lapoulebeninoise.com\/index.php\/wp-json\/wp\/v2\/types\/page"}],"author":[{"embeddable":true,"href":"https:\/\/lapoulebeninoise.com\/index.php\/wp-json\/wp\/v2\/users\/1"}],"replies":[{"embeddable":true,"href":"https:\/\/lapoulebeninoise.com\/index.php\/wp-json\/wp\/v2\/comments?post=448"}],"version-history":[{"count":6,"href":"https:\/\/lapoulebeninoise.com\/index.php\/wp-json\/wp\/v2\/pages\/448\/revisions"}],"predecessor-version":[{"id":601,"href":"https:\/\/lapoulebeninoise.com\/index.php\/wp-json\/wp\/v2\/pages\/448\/revisions\/601"}],"wp:attachment":[{"href":"https:\/\/lapoulebeninoise.com\/index.php\/wp-json\/wp\/v2\/media?parent=448"}],"curies":[{"name":"wp","href":"https:\/\/api.w.org\/{rel}","templated":true}]}}