{"id":502,"date":"2020-10-07T08:29:24","date_gmt":"2020-10-07T08:29:24","guid":{"rendered":"https:\/\/lapoulebeninoise.com\/?page_id=502"},"modified":"2020-10-07T10:22:07","modified_gmt":"2020-10-07T10:22:07","slug":"fondateur-2","status":"publish","type":"page","link":"https:\/\/lapoulebeninoise.com\/index.php\/fondateur-2\/","title":{"rendered":"Fondateur"},"content":{"rendered":"\n<figure class=\"wp-block-image size-large is-resized\"><img loading=\"lazy\" src=\"https:\/\/lapoulebeninoise.com\/wp-content\/uploads\/2020\/10\/image.png\" alt=\"\" class=\"wp-image-506\" width=\"342\" height=\"456\" srcset=\"https:\/\/lapoulebeninoise.com\/wp-content\/uploads\/2020\/10\/image.png 605w, https:\/\/lapoulebeninoise.com\/wp-content\/uploads\/2020\/10\/image-225x300.png 225w\" sizes=\"(max-width: 342px) 100vw, 342px\" \/><\/figure>\n\n\n\n<p>Je me nomme VINCENT DAKOHODJI, et\u00a0apr\u00e8s avoir travaill\u00e9 dans plusieurs fermes agricoles priv\u00e9es pour le d\u00e9veloppement de l\u2019\u00e9levage et de l\u2019agriculture, j&rsquo;ai d\u00e9cid\u00e9 de cr\u00e9er ma propre entreprise pour pallier aux probl\u00e8me de stress permanent, du ch\u00f4mage et contribuer \u00e0 une r\u00e9solution de la crise alimentaire .<\/p>\n\n\n\n<p>Apr\u00e8s une formation compl\u00e9mentaire en agro pastoral, je me suis inscris \u00e0 CFAPSAT-ONG pour survie ladite formation.  Apr\u00e8s j\u2019ai travaill\u00e9 au centre Dioc\u00e9sain Agropastorale de sokonou pendant 4 ans en tant que technicien \/ formateur avec option \u00c9levage, Agriculture, Jardin et transformation. <\/p>\n\n\n\n<p>J&rsquo;ai voulu saisir l&rsquo;opportunit\u00e9 de d\u00e9velopper mon projet en combinant mes connaissances en production animale int\u00e9gr\u00e9es et le fait que le secteur primaire est l&rsquo;un des piliers du d\u00e9veloppement du pays. Mais j&rsquo;ai \u00e9galement voulus contribuer  au d\u00e9veloppement de mon pays d&rsquo;o\u00f9 le but de ce projet est de cr\u00e9er des emplois permanents et temporaires pour les jeunes.<\/p>\n\n\n\n<p>Je crois qu&rsquo;entreprendre est un choix de vie, l&rsquo;essentiel est de savoir pourquoi on le fait et ce que \u00e7a implique! <\/p>\n","protected":false},"excerpt":{"rendered":"<p>Je me nomme VINCENT DAKOHODJI, et\u00a0apr\u00e8s avoir travaill\u00e9 dans plusieurs fermes agricoles priv\u00e9es pour le d\u00e9veloppement de l\u2019\u00e9levage et de l\u2019agriculture, j&rsquo;ai d\u00e9cid\u00e9 de cr\u00e9er ma propre entreprise pour pallier aux probl\u00e8me de stress permanent, du ch\u00f4mage et contribuer \u00e0 une r\u00e9solution de la crise alimentaire . Apr\u00e8s une formation compl\u00e9mentaire en agro pastoral, je &hellip; <\/p>\n<p class=\"link-more\"><a href=\"https:\/\/lapoulebeninoise.com\/index.php\/fondateur-2\/\" class=\"more-link\">Continuer la lecture<span class=\"screen-reader-text\"> de &laquo;&nbsp;Fondateur&nbsp;&raquo;<\/span><\/a><\/p>\n","protected":false},"author":1,"featured_media":0,"parent":0,"menu_order":0,"comment_status":"closed","ping_status":"closed","template":"","meta":[],"_links":{"self":[{"href":"https:\/\/lapoulebeninoise.com\/index.php\/wp-json\/wp\/v2\/pages\/502"}],"collection":[{"href":"https:\/\/lapoulebeninoise.com\/index.php\/wp-json\/wp\/v2\/pages"}],"about":[{"href":"https:\/\/lapoulebeninoise.com\/index.php\/wp-json\/wp\/v2\/types\/page"}],"author":[{"embeddable":true,"href":"https:\/\/lapoulebeninoise.com\/index.php\/wp-json\/wp\/v2\/users\/1"}],"replies":[{"embeddable":true,"href":"https:\/\/lapoulebeninoise.com\/index.php\/wp-json\/wp\/v2\/comments?post=502"}],"version-history":[{"count":7,"href":"https:\/\/lapoulebeninoise.com\/index.php\/wp-json\/wp\/v2\/pages\/502\/revisions"}],"predecessor-version":[{"id":581,"href":"https:\/\/lapoulebeninoise.com\/index.php\/wp-json\/wp\/v2\/pages\/502\/revisions\/581"}],"wp:attachment":[{"href":"https:\/\/lapoulebeninoise.com\/index.php\/wp-json\/wp\/v2\/media?parent=502"}],"curies":[{"name":"wp","href":"https:\/\/api.w.org\/{rel}","templated":true}]}}