{"id":524,"date":"2020-10-07T09:23:15","date_gmt":"2020-10-07T09:23:15","guid":{"rendered":"https:\/\/lapoulebeninoise.com\/?page_id=524"},"modified":"2020-10-07T09:24:54","modified_gmt":"2020-10-07T09:24:54","slug":"contact-2","status":"publish","type":"page","link":"https:\/\/lapoulebeninoise.com\/index.php\/contact-2\/","title":{"rendered":"Contact"},"content":{"rendered":"\n<p>Via nos r\u00e9seaux sociaux <\/p>\n\n\n\n<p>Par mail: info@lapoulebeninoise.com<\/p>\n\n\n\n<p>Par t\u00e9l\u00e9phone: +229 95 97 41 42<\/p>\n","protected":false},"excerpt":{"rendered":"<p>Via nos r\u00e9seaux sociaux Par mail: info@lapoulebeninoise.com Par t\u00e9l\u00e9phone: +229 95 97 41 42<\/p>\n","protected":false},"author":1,"featured_media":0,"parent":0,"menu_order":0,"comment_status":"closed","ping_status":"closed","template":"","meta":[],"_links":{"self":[{"href":"https:\/\/lapoulebeninoise.com\/index.php\/wp-json\/wp\/v2\/pages\/524"}],"collection":[{"href":"https:\/\/lapoulebeninoise.com\/index.php\/wp-json\/wp\/v2\/pages"}],"about":[{"href":"https:\/\/lapoulebeninoise.com\/index.php\/wp-json\/wp\/v2\/types\/page"}],"author":[{"embeddable":true,"href":"https:\/\/lapoulebeninoise.com\/index.php\/wp-json\/wp\/v2\/users\/1"}],"replies":[{"embeddable":true,"href":"https:\/\/lapoulebeninoise.com\/index.php\/wp-json\/wp\/v2\/comments?post=524"}],"version-history":[{"count":2,"href":"https:\/\/lapoulebeninoise.com\/index.php\/wp-json\/wp\/v2\/pages\/524\/revisions"}],"predecessor-version":[{"id":527,"href":"https:\/\/lapoulebeninoise.com\/index.php\/wp-json\/wp\/v2\/pages\/524\/revisions\/527"}],"wp:attachment":[{"href":"https:\/\/lapoulebeninoise.com\/index.php\/wp-json\/wp\/v2\/media?parent=524"}],"curies":[{"name":"wp","href":"https:\/\/api.w.org\/{rel}","templated":true}]}}