{"id":602,"date":"2020-10-08T07:02:02","date_gmt":"2020-10-08T07:02:02","guid":{"rendered":"https:\/\/lapoulebeninoise.com\/?page_id=602"},"modified":"2020-10-08T09:51:12","modified_gmt":"2020-10-08T09:51:12","slug":"blog","status":"publish","type":"page","link":"https:\/\/lapoulebeninoise.com\/index.php\/blog\/","title":{"rendered":"Blog"},"content":{"rendered":"\n<figure class=\"wp-block-image size-large is-resized\"><img loading=\"lazy\" src=\"https:\/\/lapoulebeninoise.com\/wp-content\/uploads\/2020\/10\/image-1-1024x767.png\" alt=\"\" class=\"wp-image-607\" width=\"334\" height=\"249\" srcset=\"https:\/\/lapoulebeninoise.com\/wp-content\/uploads\/2020\/10\/image-1-1024x767.png 1024w, https:\/\/lapoulebeninoise.com\/wp-content\/uploads\/2020\/10\/image-1-300x225.png 300w, https:\/\/lapoulebeninoise.com\/wp-content\/uploads\/2020\/10\/image-1-768x575.png 768w, https:\/\/lapoulebeninoise.com\/wp-content\/uploads\/2020\/10\/image-1.png 1080w\" sizes=\"(max-width: 334px) 100vw, 334px\" \/><\/figure>\n\n\n\n<p>Bonjour \u00e0 tous! Nous revenons avec de bonnes nouvelles, la nouvelle ferme est enfin termin\u00e9 depuis hier! Les poules vont pouvoir enfin d\u00e9m\u00e9nager, on attend plus de 200 poules.  Un grand merci \u00e0 tous les gens qui ont contribu\u00e9 \u00e0 la construction de ce hangar. <\/p>\n","protected":false},"excerpt":{"rendered":"<p>Bonjour \u00e0 tous! Nous revenons avec de bonnes nouvelles, la nouvelle ferme est enfin termin\u00e9 depuis hier! Les poules vont pouvoir enfin d\u00e9m\u00e9nager, on attend plus de 200 poules. Un grand merci \u00e0 tous les gens qui ont contribu\u00e9 \u00e0 la construction de ce hangar.<\/p>\n","protected":false},"author":1,"featured_media":0,"parent":0,"menu_order":0,"comment_status":"open","ping_status":"closed","template":"","meta":[],"_links":{"self":[{"href":"https:\/\/lapoulebeninoise.com\/index.php\/wp-json\/wp\/v2\/pages\/602"}],"collection":[{"href":"https:\/\/lapoulebeninoise.com\/index.php\/wp-json\/wp\/v2\/pages"}],"about":[{"href":"https:\/\/lapoulebeninoise.com\/index.php\/wp-json\/wp\/v2\/types\/page"}],"author":[{"embeddable":true,"href":"https:\/\/lapoulebeninoise.com\/index.php\/wp-json\/wp\/v2\/users\/1"}],"replies":[{"embeddable":true,"href":"https:\/\/lapoulebeninoise.com\/index.php\/wp-json\/wp\/v2\/comments?post=602"}],"version-history":[{"count":3,"href":"https:\/\/lapoulebeninoise.com\/index.php\/wp-json\/wp\/v2\/pages\/602\/revisions"}],"predecessor-version":[{"id":608,"href":"https:\/\/lapoulebeninoise.com\/index.php\/wp-json\/wp\/v2\/pages\/602\/revisions\/608"}],"wp:attachment":[{"href":"https:\/\/lapoulebeninoise.com\/index.php\/wp-json\/wp\/v2\/media?parent=602"}],"curies":[{"name":"wp","href":"https:\/\/api.w.org\/{rel}","templated":true}]}}